{"id":179,"date":"2019-02-24T22:19:11","date_gmt":"2019-02-24T20:19:11","guid":{"rendered":"http:\/\/www.batmantb.org.tr\/?page_id=179"},"modified":"2019-03-11T16:09:44","modified_gmt":"2019-03-11T14:09:44","slug":"tobb","status":"publish","type":"page","link":"http:\/\/www.batmantb.org.tr\/index.php\/tobb\/","title":{"rendered":"TOBB"},"content":{"rendered":"\n<p><strong>Amac\u0131 :<\/strong><\/p>\n\n\n\n<p>Odalar ve borsalar aras\u0131nda birlik ve dayan\u0131\u015fmay\u0131 sa\u011flamak, ticaret ve sanayinin genel menfaatlere uygun olarak geli\u015fmesini sa\u011flamak, \u00fcyelerinin mesleki faaliyetlerini kolayla\u015ft\u0131rmak, \u00fcyelerin birbirleriyle ve halkla olan ili\u015fkilerinde d\u00fcr\u00fcstl\u00fc\u011f\u00fc ve g\u00fcveni hakim k\u0131lmak \u00fczere meslek disiplinini ve ahlak\u0131 korumakt\u0131r.<br><\/p>\n\n\n\n<p><strong>G\u00f6revleri :<\/strong><\/p>\n\n\n\n<p>TOBB, a\u015fa\u011f\u0131daki g\u00f6revleri icra eder:&nbsp;<br>\u00bb T\u00fcrk giri\u015fimcisinin \u00e7al\u0131\u015fmalar\u0131na \u00f6nc\u00fcl\u00fck ve liderlik eder,<br>\u00bb \u00d6zel sekt\u00f6r\u00fcn ihtiya\u00e7lar\u0131 do\u011frultusunda siyasi g\u00fcce g\u00f6r\u00fc\u015f ve \u00e7\u00f6z\u00fcmlerini iletir,<br>\u00bb Kanunlar ve d\u00fczenlemeler ile ilgili g\u00f6r\u00fc\u015flerini ilgili bakanl\u0131klara, meclis komisyonlar\u0131na sunar,<br>\u00bb Taban\u0131n\u0131 olu\u015fturan KOB\u0130\u2019lerin ekonomiden hak etti\u011fi pay\u0131 almas\u0131 i\u00e7in oda ve borsalar\u0131m\u0131z kanal\u0131yla bilgi ve dan\u0131\u015fmanl\u0131k hizmeti sunar,&nbsp;<br>\u00bb Ticari, ekonomik ve uluslararas\u0131 i\u015fbirli\u011fi alanlar\u0131nda yararl\u0131 olabilecek her t\u00fcrl\u00fc bilgiyi \u00fcyelerine sunar; \u00fclke, il ve sekt\u00f6r baz\u0131nda ekonomik raporlar haz\u0131rlar,<br>\u00bb Yabanc\u0131 muadil kurulu\u015flarla kurumsal ba\u011flar kurar, i\u015fbirli\u011fi anla\u015fmalar\u0131 imzalar, T\u00fcrk ve yabanc\u0131 firmalar\u0131n ihtilaflar\u0131n\u0131n dostane yollarla \u00e7\u00f6z\u00fcm\u00fc amac\u0131yla arac\u0131l\u0131k eder,<br>\u00bb TIR Karnesinin da\u011f\u0131t\u0131m\u0131n\u0131 ger\u00e7ekle\u015ftirir ve muhtelif \u00fclkelere ait ge\u00e7i\u015f belgesi taleplerini kar\u015f\u0131lar, ATA Karnesi d\u00fczenler, Bilgi Standard\u0131 tan\u0131mlama ve uygulama sistemi olan EAN-UCC barkod sistemini \u00fclkemizde tek elden y\u00fcr\u00fct\u00fcr,<br>\u00bb Men\u015fe \u015eehadetnamesi ile Dola\u015f\u0131m Belgesini basar ve Odalara g\u00f6nderir, Kapasite Raporu inceler ve onaylar. Olu\u015fturulan Sanayi Veri Taban\u0131 ile imalat\u00e7\u0131 firma listelerini ilgililere sa\u011flar, T\u00fcrkiye Ticaret Sicili Gazetesi\u2019ni yay\u0131nlar,<br>\u00bb Odalar ve Borsalar aras\u0131nda \u00e7\u0131kabilecek mesleki anla\u015fmazl\u0131klar\u0131 \u00e7\u00f6zer, Oda ve borsalar\u0131 geli\u015ftirecek tedbirleri al\u0131r, elektronik alt yap\u0131s\u0131n\u0131 kurar, T\u00fcrkiye Odalar ve Borsalar Birli\u011fi Tahkimi \u00e7al\u0131\u015fmalar\u0131n\u0131 y\u00fcr\u00fct\u00fcr,<br>\u00bb Yerel fuar organizasyon firmalar\u0131na yetki verir, organize sanayi b\u00f6lgeleri ve teknoloji geli\u015ftirme merkezleri kurar ,<br>\u00bb E\u011fitim kurumlar\u0131 kurar veya kat\u0131l\u0131r, bu kurumlarla i\u015fbirli\u011fine girer,<br>\u00bb Uluslararas\u0131 ili\u015fkiler ile ilgili g\u00f6revleri kapsam\u0131nda \u00e7ok tarafl\u0131 oda ve uluslararas\u0131 kurulu\u015flarda T\u00fcrk \u00f6zel sekt\u00f6r\u00fcn\u00fc temsil eder.<br><br><strong>Kurulu\u015fu \/ Yasal Stat\u00fcs\u00fc :<\/strong><\/p>\n\n\n\n<p>Odalar, Borsalar ve Birlik hakk\u0131ndaki 5590 say\u0131l\u0131 Kanun 8 Mart 1950 tarihinde haz\u0131rlanm\u0131\u015f, 15 Mart 1950 tarihinde 7457 say\u0131l\u0131 Resmi Gazete\u2019de yay\u0131nlanarak y\u00fcr\u00fcrl\u00fc\u011fe girmi\u015ftir. 5590 say\u0131l\u0131 Kanun, yerini, 1 Haziran 2004 tarihinde y\u00fcr\u00fcrl\u00fc\u011fe giren 5174 say\u0131l\u0131 Kanun\u2019a b\u0131rakm\u0131\u015ft\u0131r. TOBB, \u00f6zel sekt\u00f6r\u00fcn T\u00fcrkiye\u2019de mesleki \u00fcst kurulu\u015fu ve yasal temsilcisidir. TOBB\u2019un halen, yerel d\u00fczeyde, ticaret, sanayi, ticaret ve sanayi, deniz ticaret odalar\u0131 ve borsalar \u015feklinde olu\u015fmu\u015f 365 \u00fcyesi bulunmaktad\u0131r. T\u00fcm \u00fclke \u00e7ap\u0131nda yay\u0131lm\u0131\u015f olan oda ve borsalara, \u00e7e\u015fitli b\u00fcy\u00fckl\u00fcklerde ve b\u00fct\u00fcn sekt\u00f6rlerden 1 milyon 200 binin \u00fczerinde firma kay\u0131tl\u0131 bulunmaktad\u0131r.<br><br><strong>Organlar\u0131 :<\/strong><\/p>\n\n\n\n<p>TOBB\u2019un organlar\u0131 olan, Genel Kurul, Odalar ve Borsalar Konseyi, Y\u00f6netim Kurulu, Y\u00fcksek Disiplin Kurulu demokratik s\u00fcre\u00e7le se\u00e7ilirler. Yerel oda ve borsalar\u0131n meclis \u00fcyeleri taraf\u0131ndan 4 y\u0131ll\u0131\u011f\u0131na se\u00e7ilen 1000-1300 \u00fcyeden olu\u015fan Genel Kurul, oda ve borsalar\u0131 temsilen 5 konsey olu\u015fturur. Ba\u015fkan ve 14 Y\u00f6netim Kurulu \u00fcyesi Genel Kurul \u00fcyeleri taraf\u0131ndan se\u00e7ilir. Y\u00f6netim Kurulu da, oda ve borsalar\u0131 temsilen 5 ba\u015fkan yard\u0131mc\u0131s\u0131n\u0131 4 y\u0131ll\u0131\u011f\u0131na se\u00e7er.<\/p>\n<!-- AddThis Advanced Settings generic via filter on the_content --><!-- AddThis Share Buttons generic via filter on the_content --><!-- AddThis Related Posts generic via filter on the_content -->","protected":false},"excerpt":{"rendered":"<p>Amac\u0131 : Odalar ve borsalar aras\u0131nda birlik ve dayan\u0131\u015fmay\u0131 sa\u011flamak, ticaret ve sanayinin genel menfaatlere uygun olarak geli\u015fmesini sa\u011flamak, \u00fcyelerinin mesleki faaliyetlerini kolayla\u015ft\u0131rmak, \u00fcyelerin birbirleriyle ve halkla olan ili\u015fkilerinde d\u00fcr\u00fcstl\u00fc\u011f\u00fc ve g\u00fcveni hakim k\u0131lmak \u00fczere meslek disiplinini ve ahlak\u0131 korumakt\u0131r. G\u00f6revleri : TOBB, a\u015fa\u011f\u0131daki g\u00f6revleri icra eder:&nbsp;\u00bb T\u00fcrk giri\u015fimcisinin \u00e7al\u0131\u015fmalar\u0131na \u00f6nc\u00fcl\u00fck ve liderlik eder,\u00bb \u00d6zel &hellip;<!-- AddThis Advanced Settings generic via filter on get_the_excerpt --><!-- AddThis Share Buttons generic via filter on get_the_excerpt --><!-- AddThis Related Posts generic via filter on get_the_excerpt --><\/p>\n","protected":false},"author":1,"featured_media":0,"parent":0,"menu_order":0,"comment_status":"closed","ping_status":"closed","template":"","meta":{"ngg_post_thumbnail":0},"_links":{"self":[{"href":"http:\/\/www.batmantb.org.tr\/index.php\/wp-json\/wp\/v2\/pages\/179"}],"collection":[{"href":"http:\/\/www.batmantb.org.tr\/index.php\/wp-json\/wp\/v2\/pages"}],"about":[{"href":"http:\/\/www.batmantb.org.tr\/index.php\/wp-json\/wp\/v2\/types\/page"}],"author":[{"embeddable":true,"href":"http:\/\/www.batmantb.org.tr\/index.php\/wp-json\/wp\/v2\/users\/1"}],"replies":[{"embeddable":true,"href":"http:\/\/www.batmantb.org.tr\/index.php\/wp-json\/wp\/v2\/comments?post=179"}],"version-history":[{"count":2,"href":"http:\/\/www.batmantb.org.tr\/index.php\/wp-json\/wp\/v2\/pages\/179\/revisions"}],"predecessor-version":[{"id":817,"href":"http:\/\/www.batmantb.org.tr\/index.php\/wp-json\/wp\/v2\/pages\/179\/revisions\/817"}],"wp:attachment":[{"href":"http:\/\/www.batmantb.org.tr\/index.php\/wp-json\/wp\/v2\/media?parent=179"}],"curies":[{"name":"wp","href":"https:\/\/api.w.org\/{rel}","templated":true}]}}