{"id":205,"date":"2019-02-24T22:25:23","date_gmt":"2019-02-24T20:25:23","guid":{"rendered":"http:\/\/www.batmantb.org.tr\/?page_id=205"},"modified":"2022-11-03T14:34:49","modified_gmt":"2022-11-03T11:34:49","slug":"personel","status":"publish","type":"page","link":"http:\/\/www.batmantb.org.tr\/index.php\/personel\/","title":{"rendered":"GENEL SEKRETERL\u0130K"},"content":{"rendered":"<div id=\"wppb-builder-container\" class=\"wppb-builder-container\">                <div  class=\"wppb-row-parent  wppb-row-1551361142743 \"  >\n\t\t\t\t\t\n\t\t\t\t\t\t\t\t\t\t\n\t\t\t\t\t\t\t\t\t\t\n\t\t\t\t\t<div class=\"wppb-container \">\n\t\t\t\t\t\t\t\t\t\t\t\t\t\n                        <div class=\"wppb-row\">\n\t\t\t\t\t\t\t                                    <div  class=\"wppb-column-parent wppb-column-parent-view wppb-col-1551361142740  \"  >\n                                        <div class=\"wppb-column\">\n\t\t\t\t\t\n\t\t\t\t\t\t\t\t\t\t\t\n                                            <div class=\"wppb-builder-addons\">\n\t\t\t\t\t\t\t\t\t\t\t\t                                            <\/div>\n                                        <\/div>\n                                    <\/div>\n\t\t\t\t\t\t\t\t\t                                    <div  class=\"wppb-column-parent wppb-column-parent-view wppb-col-1551361142741  \"  >\n                                        <div class=\"wppb-column\">\n\t\t\t\t\t\n\t\t\t\t\t\t\t\t\t\t\t\n                                            <div class=\"wppb-builder-addons\">\n\t\t\t\t\t\t\t\t\t\t\t\t<div class='wppb-builder-addon wppb-addon-1551361194082'  data-addon-id='1551361194082'><div class='wppb-addon'><div class=\"wppb-person-addon\"><div class=\"wppb-person-addon-content person-layout-one\"><div class=\"wppb-person-image\"><img class=\"wppb-person-addon-img\" src=\"http:\/\/www.batmantb.org.tr\/wp-content\/uploads\/2022\/11\/WhatsApp-Image-2022-11-03-at-15.04.37.jpeg\" alt=\"\u0130sa AKDA\u015e\"><\/div><div class=\"wppb-person-information\"><span class=\"wppb-person-name\">\u0130sa AKDA\u015e<\/span><span class=\"wppb-person-designation\">Genel Sekreter<\/span><span class=\"wppb-person-email\">isaakdas@batmantb.org.tr<\/span><\/div><\/div><\/div><\/div><\/div>                                            <\/div>\n                                        <\/div>\n                                    <\/div>\n\t\t\t\t\t\t\t\t\t                                    <div  class=\"wppb-column-parent wppb-column-parent-view wppb-col-1551361142742  \"  >\n                                        <div class=\"wppb-column\">\n\t\t\t\t\t\n\t\t\t\t\t\t\t\t\t\t\t\n                                            <div class=\"wppb-builder-addons\">\n\t\t\t\t\t\t\t\t\t\t\t\t                                            <\/div>\n                                        <\/div>\n                                    <\/div>\n\t\t\t\t\t\t\t\t\t                        <\/div>\n\n                    <\/div>\n                <\/div>\n\t\t\t\t                <div  class=\"wppb-row-parent  wppb-row-1551361142863 \"  >\n\t\t\t\t\t\n\t\t\t\t\t\t\t\t\t\t\n\t\t\t\t\t\t\t\t\t\t\n\t\t\t\t\t<div class=\"wppb-container \">\n\t\t\t\t\t\t\t\t\t\t\t\t\t\n                        <div class=\"wppb-row\">\n\t\t\t\t\t\t\t                                    <div  class=\"wppb-column-parent wppb-column-parent-view wppb-col-1551361142860  \"  >\n                                        <div class=\"wppb-column\">\n\t\t\t\t\t\n\t\t\t\t\t\t\t\t\t\t\t\n                                            <div class=\"wppb-builder-addons\">\n\t\t\t\t\t\t\t\t\t\t\t\t<div class='wppb-builder-addon wppb-addon-1551361142869'  data-addon-id='1551361142869'><div class='wppb-addon'><div class=\"wppb-person-addon\"><div class=\"wppb-person-addon-content person-layout-four\"><div class=\"wppb-person-media\"><div class=\"wppb-person-image\"><img class=\"wppb-person-addon-img\" src=\"http:\/\/www.batmantb.org.tr\/wp-content\/uploads\/2019\/02\/aksahman.jpg\" alt=\"Arzu KALEL\u0130O\u011eLU \u015eAHMAN\"><\/div><div class=\"wppb-person-media-body\"><div class=\"wppb-person-information\"><span class=\"wppb-person-name\">Arzu KALEL\u0130O\u011eLU \u015eAHMAN<\/span><span class=\"wppb-person-designation\">Tescil Memuru<\/span><span class=\"wppb-person-email\">akalelioglu@batmantb.org.tr<\/span><\/div><\/div><\/div><\/div><\/div><\/div><\/div>                                            <\/div>\n                                        <\/div>\n                                    <\/div>\n\t\t\t\t\t\t\t\t\t                                    <div  class=\"wppb-column-parent wppb-column-parent-view wppb-col-1551361142861  \"  >\n                                        <div class=\"wppb-column\">\n\t\t\t\t\t\n\t\t\t\t\t\t\t\t\t\t\t\n                                            <div class=\"wppb-builder-addons\">\n\t\t\t\t\t\t\t\t\t\t\t\t<div class='wppb-builder-addon wppb-addon-1551361142872'  data-addon-id='1551361142872'><div class='wppb-addon'><div class=\"wppb-person-addon\"><div class=\"wppb-person-addon-content person-layout-four\"><div class=\"wppb-person-media\"><div class=\"wppb-person-image\"><img class=\"wppb-person-addon-img\" src=\"http:\/\/www.batmantb.org.tr\/wp-content\/uploads\/2019\/02\/nmaltas.jpg\" alt=\"Nurcan MALTA\u015e \"><\/div><div class=\"wppb-person-media-body\"><div class=\"wppb-person-information\"><span class=\"wppb-person-name\">Nurcan MALTA\u015e <\/span><span class=\"wppb-person-designation\">Muhasebe Memuru<\/span><span class=\"wppb-person-email\">nmaltas@batmantb.org.tr<\/span><\/div><\/div><\/div><\/div><\/div><\/div><\/div>                                            <\/div>\n                                        <\/div>\n                                    <\/div>\n\t\t\t\t\t\t\t\t\t                                    <div  class=\"wppb-column-parent wppb-column-parent-view wppb-col-1551361142862  \"  >\n                                        <div class=\"wppb-column\">\n\t\t\t\t\t\n\t\t\t\t\t\t\t\t\t\t\t\n                                            <div class=\"wppb-builder-addons\">\n\t\t\t\t\t\t\t\t\t\t\t\t<div class='wppb-builder-addon wppb-addon-1551361143189'  data-addon-id='1551361143189'><div class='wppb-addon'><div class=\"wppb-person-addon\"><div class=\"wppb-person-addon-content person-layout-four\"><div class=\"wppb-person-media\"><div class=\"wppb-person-image\"><img class=\"wppb-person-addon-img\" src=\"http:\/\/www.batmantb.org.tr\/wp-content\/uploads\/2019\/02\/mdeviren.jpg\" alt=\"Ma\u015fallah DEV\u0130REN \"><\/div><div class=\"wppb-person-media-body\"><div class=\"wppb-person-information\"><span class=\"wppb-person-name\">Ma\u015fallah DEV\u0130REN <\/span><span class=\"wppb-person-designation\">Siirt \u015eube Tescil Memuru<\/span><span class=\"wppb-person-email\">siirt@batmantb.org.tr<\/span><\/div><\/div><\/div><\/div><\/div><\/div><\/div>                                            <\/div>\n                                        <\/div>\n                                    <\/div>\n\t\t\t\t\t\t\t\t\t                        <\/div>\n\n                    <\/div>\n                <\/div>\n\t\t\t\t                <div  class=\"wppb-row-parent  wppb-row-1551361143187 \"  >\n\t\t\t\t\t\n\t\t\t\t\t\t\t\t\t\t\n\t\t\t\t\t\t\t\t\t\t\n\t\t\t\t\t<div class=\"wppb-container \">\n\t\t\t\t\t\t\t\t\t\t\t\t\t\n                        <div class=\"wppb-row\">\n\t\t\t\t\t\t\t                                    <div  class=\"wppb-column-parent wppb-column-parent-view wppb-col-1551361143190  \"  >\n                                        <div class=\"wppb-column\">\n\t\t\t\t\t\n\t\t\t\t\t\t\t\t\t\t\t\n                                            <div class=\"wppb-builder-addons\">\n\t\t\t\t\t\t\t\t\t\t\t\t<div class='wppb-builder-addon wppb-addon-1551361143191'  data-addon-id='1551361143191'><div class='wppb-addon'><div class=\"wppb-person-addon\"><div class=\"wppb-person-addon-content person-layout-four\"><div class=\"wppb-person-media\"><div class=\"wppb-person-image\"><img class=\"wppb-person-addon-img\" src=\"http:\/\/www.batmantb.org.tr\/wp-content\/uploads\/2021\/01\/umitgunes.jpg\" alt=\"\u00dcmit G\u00dcNE\u015e\"><\/div><div class=\"wppb-person-media-body\"><div class=\"wppb-person-information\"><span class=\"wppb-person-name\">\u00dcmit G\u00dcNE\u015e<\/span><span class=\"wppb-person-designation\">Muamelat Memuru<\/span><span class=\"wppb-person-email\">umitgunes@batmantb.org.tr<\/span><\/div><\/div><\/div><\/div><\/div><\/div><\/div>                                            <\/div>\n                                        <\/div>\n                                    <\/div>\n\t\t\t\t\t\t\t\t\t                                    <div  class=\"wppb-column-parent wppb-column-parent-view wppb-col-1667476384092  \"  >\n                                        <div class=\"wppb-column\">\n\t\t\t\t\t\n\t\t\t\t\t\t\t\t\t\t\t\n                                            <div class=\"wppb-builder-addons\">\n\t\t\t\t\t\t\t\t\t\t\t\t<div class='wppb-builder-addon wppb-addon-1667476384210'  data-addon-id='1667476384210'><div class='wppb-addon'><div class=\"wppb-person-addon\"><div class=\"wppb-person-addon-content person-layout-four\"><div class=\"wppb-person-media\"><div class=\"wppb-person-image\"><img class=\"wppb-person-addon-img\" src=\"http:\/\/www.batmantb.org.tr\/wp-content\/uploads\/2019\/02\/leylaseker.jpg\" alt=\"Leyla \u015eEKER\"><\/div><div class=\"wppb-person-media-body\"><div class=\"wppb-person-information\"><span class=\"wppb-person-name\">Leyla \u015eEKER<\/span><span class=\"wppb-person-designation\">Sekreter<\/span><span class=\"wppb-person-email\">batmantb@batmantb.org.tr<\/span><\/div><\/div><\/div><\/div><\/div><\/div><\/div><div class='wppb-builder-addon wppb-addon-1694690327810'  data-addon-id='1694690327810'><div class='wppb-addon'><div class=\"wppb-person-addon\"><div class=\"wppb-person-addon-content person-layout-four\"><div class=\"wppb-person-media\"><div class=\"wppb-person-image\"><img class=\"wppb-person-addon-img\" src=\"http:\/\/www.batmantb.org.tr\/wp-content\/uploads\/2023\/09\/WhatsApp-Image-2023-09-13-at-20.08.30.jpeg\" alt=\"\u0130smail \u00dcNL\u0130\"><\/div><div class=\"wppb-person-media-body\"><div class=\"wppb-person-information\"><span class=\"wppb-person-name\">\u0130smail \u00dcNL\u0130<\/span><span class=\"wppb-person-designation\">Hizmetli<\/span><\/div><\/div><\/div><\/div><\/div><\/div><\/div>                                            <\/div>\n                                        <\/div>\n                                    <\/div>\n\t\t\t\t\t\t\t\t\t                                    <div  class=\"wppb-column-parent wppb-column-parent-view wppb-col-1551361143192  \"  >\n                                        <div class=\"wppb-column\">\n\t\t\t\t\t\n\t\t\t\t\t\t\t\t\t\t\t\n                                            <div class=\"wppb-builder-addons\">\n\t\t\t\t\t\t\t\t\t\t\t\t<div class='wppb-builder-addon wppb-addon-1551361143193'  data-addon-id='1551361143193'><div class='wppb-addon'><div class=\"wppb-person-addon\"><div class=\"wppb-person-addon-content person-layout-four\"><div class=\"wppb-person-media\"><div class=\"wppb-person-image\"><img class=\"wppb-person-addon-img\" src=\"http:\/\/www.batmantb.org.tr\/wp-content\/uploads\/2023\/09\/1694692575484.jpg\" alt=\"\u0130lknur  ALTUN\u00c7\"><\/div><div class=\"wppb-person-media-body\"><div class=\"wppb-person-information\"><span class=\"wppb-person-name\">\u0130lknur  ALTUN\u00c7<\/span><span class=\"wppb-person-designation\">Kalite ve Akreditasyon Sorumlusu<\/span><span class=\"wppb-person-email\">batmantb@batmantb.org.tr<\/span><\/div><\/div><\/div><\/div><\/div><\/div><\/div>                                            <\/div>\n                                        <\/div>\n                                    <\/div>\n\t\t\t\t\t\t\t\t\t                        <\/div>\n\n                    <\/div>\n                <\/div>\n\t\t\t\t                <div  class=\"wppb-row-parent  wppb-row-1694690327786 \"  >\n\t\t\t\t\t\n\t\t\t\t\t\t\t\t\t\t\n\t\t\t\t\t\t\t\t\t\t\n\t\t\t\t\t<div class=\"wppb-container \">\n\t\t\t\t\t\t\t\t\t\t\t\t\t\n                        <div class=\"wppb-row\">\n\t\t\t\t\t\t\t                                    <div  class=\"wppb-column-parent wppb-column-parent-view wppb-col-1694690327785  \"  >\n                                        <div class=\"wppb-column\">\n\t\t\t\t\t\n\t\t\t\t\t\t\t\t\t\t\t\n                                            <div class=\"wppb-builder-addons\">\n\t\t\t\t\t\t\t\t\t\t\t\t                                            <\/div>\n                                        <\/div>\n                                    <\/div>\n\t\t\t\t\t\t\t\t\t                        <\/div>\n\n                    <\/div>\n                <\/div>\n\t\t\t\t<\/div><!-- AddThis Advanced Settings generic via filter on the_content --><!-- AddThis Share Buttons generic via filter on the_content --><!-- AddThis Related Posts generic via filter on the_content -->","protected":false},"excerpt":{"rendered":"<p>\u0130sa AKDA\u015eGenel Sekreterisaakdas@batmantb.org.tr Arzu KALEL\u0130O\u011eLU \u015eAHMANTescil Memuruakalelioglu@batmantb.org.tr Nurcan MALTA\u015e Muhasebe Memurunmaltas@batmantb.org.tr Ma\u015fallah DEV\u0130REN Siirt \u015eube Tescil Memurusiirt@batmantb.org.tr \u00dcmit G\u00dcNE\u015eMuamelat Memuruumitgunes@batmantb.org.tr Leyla \u015eEKERSekreterbatmantb@batmantb.org.tr\u0130smail \u00dcNL\u0130Hizmetli \u0130lknur ALTUN\u00c7Kalite ve Akreditasyon Sorumlusubatmantb@batmantb.org.tr<!-- AddThis Advanced Settings generic via filter on get_the_excerpt --><!-- AddThis Share Buttons generic via filter on get_the_excerpt --><!-- AddThis Related Posts generic via filter on get_the_excerpt --><\/p>\n","protected":false},"author":1,"featured_media":0,"parent":0,"menu_order":0,"comment_status":"closed","ping_status":"closed","template":"","meta":{"ngg_post_thumbnail":0},"_links":{"self":[{"href":"http:\/\/www.batmantb.org.tr\/index.php\/wp-json\/wp\/v2\/pages\/205"}],"collection":[{"href":"http:\/\/www.batmantb.org.tr\/index.php\/wp-json\/wp\/v2\/pages"}],"about":[{"href":"http:\/\/www.batmantb.org.tr\/index.php\/wp-json\/wp\/v2\/types\/page"}],"author":[{"embeddable":true,"href":"http:\/\/www.batmantb.org.tr\/index.php\/wp-json\/wp\/v2\/users\/1"}],"replies":[{"embeddable":true,"href":"http:\/\/www.batmantb.org.tr\/index.php\/wp-json\/wp\/v2\/comments?post=205"}],"version-history":[{"count":2,"href":"http:\/\/www.batmantb.org.tr\/index.php\/wp-json\/wp\/v2\/pages\/205\/revisions"}],"predecessor-version":[{"id":4303,"href":"http:\/\/www.batmantb.org.tr\/index.php\/wp-json\/wp\/v2\/pages\/205\/revisions\/4303"}],"wp:attachment":[{"href":"http:\/\/www.batmantb.org.tr\/index.php\/wp-json\/wp\/v2\/media?parent=205"}],"curies":[{"name":"wp","href":"https:\/\/api.w.org\/{rel}","templated":true}]}}