{"id":218,"date":"2019-02-24T22:28:01","date_gmt":"2019-02-24T20:28:01","guid":{"rendered":"http:\/\/www.batmantb.org.tr\/?page_id=218"},"modified":"2022-11-03T16:31:01","modified_gmt":"2022-11-03T13:31:01","slug":"iletisim","status":"publish","type":"page","link":"http:\/\/www.batmantb.org.tr\/index.php\/iletisim\/","title":{"rendered":"\u0130LET\u0130\u015e\u0130M"},"content":{"rendered":"<div id=\"wppb-builder-container\" class=\"wppb-builder-container\">                <div  class=\"wppb-row-parent  wppb-row-1551363725703 \"  >\n\t\t\t\t\t\n\t\t\t\t\t\t\t\t\t\t\n\t\t\t\t\t\t\t\t\t\t\n\t\t\t\t\t<div class=\"wppb-container \">\n\t\t\t\t\t\t\t\t\t\t\t\t\t\n                        <div class=\"wppb-row\">\n\t\t\t\t\t\t\t                                    <div  class=\"wppb-column-parent wppb-column-parent-view wppb-col-1551363725702  \"  >\n                                        <div class=\"wppb-column\">\n\t\t\t\t\t\n\t\t\t\t\t\t\t\t\t\t\t\n                                            <div class=\"wppb-builder-addons\">\n\t\t\t\t\t\t\t\t\t\t\t\t<div class='wppb-builder-addon wppb-addon-1551363792172'  data-addon-id='1551363792172'><div class='wppb-addon'><div class=\"wppb-text-block-addon\"><div class=\"wppb-text-block-content 0\"><p style=\"text-align: center;\"><strong>MECL\u0130S BA\u015eKANI<br \/><em>PRESIDENT OF COUNCIL<\/em><\/strong><br \/>Mehmet Be\u015fir ALTUN\u00c7<\/p>\n<p style=\"text-align: center;\"><!-- \/wp:paragraph --><!-- wp:paragraph {\"align\":\"center\"} --><\/p>\n<p style=\"text-align: center;\"><strong>Y\u00d6NET\u0130M KURULU BA\u015eKANI<br \/><em>PRESIDENT OF ASSEMBLY<\/em><\/strong><br \/>Arif G\u00dcNE\u015e<\/p>\n<p style=\"text-align: center;\"><!-- \/wp:paragraph --><!-- wp:paragraph {\"align\":\"center\"} --><\/p>\n<p style=\"text-align: center;\"><strong>GENEL SEKRETER<br \/><em>GENERAL SECRETARY<\/em><\/strong><br \/>\u0130sa AKDA\u015e\u00a0<\/p><\/div><\/div><\/div><\/div>                                            <\/div>\n                                        <\/div>\n                                    <\/div>\n\t\t\t\t\t\t\t\t\t                        <\/div>\n\n                    <\/div>\n                <\/div>\n\t\t\t\t                <div  class=\"wppb-row-parent  wppb-row-1551363725719 \"  >\n\t\t\t\t\t\n\t\t\t\t\t\t\t\t\t\t\n\t\t\t\t\t\t\t\t\t\t\n\t\t\t\t\t<div class=\"wppb-container \">\n\t\t\t\t\t\t\t\t\t\t\t\t\t\n                        <div class=\"wppb-row\">\n\t\t\t\t\t\t\t                                    <div  class=\"wppb-column-parent wppb-column-parent-view wppb-col-1551363725718  \"  >\n                                        <div class=\"wppb-column\">\n\t\t\t\t\t\n\t\t\t\t\t\t\t\t\t\t\t\n                                            <div class=\"wppb-builder-addons\">\n\t\t\t\t\t\t\t\t\t\t\t\t<div class='wppb-builder-addon wppb-addon-1551363725950'  data-addon-id='1551363725950'><div class='wppb-addon'><div class=\"wppb-text-block-addon\"><div class=\"wppb-text-block-content 0\"><p align=\"center\"><strong>ADRES<br \/><em>ADRESSES<\/em><\/strong><br \/><br \/>Fatih Mahallesi 3214 sokak Serhat Apartman\u0131 No:2C Merkez\/Batman<br \/><br \/><strong>MERKEZ \/ BATMAN<\/strong><br \/><br \/>Telefon: 488-2153792-2146492<br \/>Fax:488-2146492<br \/>e-mail: <strong>batmantb@tobb.org.tr<\/strong><br \/><strong>batmantb@batmantb.org.tr<\/strong><\/p><\/div><\/div><\/div><\/div>                                            <\/div>\n                                        <\/div>\n                                    <\/div>\n\t\t\t\t\t\t\t\t\t                        <\/div>\n\n                    <\/div>\n                <\/div>\n\t\t\t\t                <div  class=\"wppb-row-parent  wppb-row-1551363725863 \"  >\n\t\t\t\t\t\n\t\t\t\t\t\t\t\t\t\t\n\t\t\t\t\t\t\t\t\t\t\n\t\t\t\t\t<div class=\"wppb-container \">\n\t\t\t\t\t\t\t\t\t\t\t\t\t\n                        <div class=\"wppb-row\">\n\t\t\t\t\t\t\t                                    <div  class=\"wppb-column-parent wppb-column-parent-view wppb-col-1551363725862  \"  >\n                                        <div class=\"wppb-column\">\n\t\t\t\t\t\n\t\t\t\t\t\t\t\t\t\t\t\n                                            <div class=\"wppb-builder-addons\">\n\t\t\t\t\t\t\t\t\t\t\t\t<div class='wppb-builder-addon wppb-addon-1551363926178'  data-addon-id='1551363926178'><div class='wppb-addon'><div class=\"wppb-accordion-addon\"><div class=\"wppb-accordion-addon-content\"><div class=\"wppb-accordion-items\"><div class=\"wppb-accordion-item repeater-0\"><div class=\"wppb-accordion-title wppb-toggle-right \"><i class=\"fas fa-th\"><\/i><span class=\"wppb-accordion-title-content\">S\u0130\u0130RT TESC\u0130L B\u00dcROSU<\/span><span class=\"wppb-toggle-direction wppb-toggle-right\"><i class=\"fas fa-angle-right\"><\/i><\/span><\/div><div class=\"wppb-panel-collapse\" style=\"display: none;\"><div class=\"wppb-accordion-content\"><p><em><strong>S\u0130\u0130RT TESC\u0130L B\u00dcROSU<br \/>S\u0130\u0130RT REGISTRY OFFICE<\/strong><\/em>\u00a0Bah\u00e7elievler mah. Mizbah \u00c7alap\u00e7\u0131kay cad. Arslan Apt. No.5\/1<br \/>Telefon:484-2245600<br \/>Fax:484-2245600<br \/>e-mail: siirt@batmantb.org.tr<\/p><\/div><\/div><\/div><\/div><\/div><\/div><\/div><\/div>                                            <\/div>\n                                        <\/div>\n                                    <\/div>\n\t\t\t\t\t\t\t\t\t                        <\/div>\n\n                    <\/div>\n                <\/div>\n\t\t\t\t<\/div><!-- AddThis Advanced Settings generic via filter on the_content --><!-- AddThis Share Buttons generic via filter on the_content --><!-- AddThis Related Posts generic via filter on the_content -->","protected":false},"excerpt":{"rendered":"<p>MECL\u0130S BA\u015eKANIPRESIDENT OF COUNCILMehmet Be\u015fir ALTUN\u00c7 Y\u00d6NET\u0130M KURULU BA\u015eKANIPRESIDENT OF ASSEMBLYArif G\u00dcNE\u015e GENEL SEKRETERGENERAL SECRETARY\u0130sa AKDA\u015e\u00a0 ADRESADRESSES Fatih Mahallesi 3214 sokak Serhat Apartman\u0131 No:2C Merkez\/Batman MERKEZ \/ BATMAN Telefon: 488-2153792-2146492Fax:488-2146492e-mail: batmantb@tobb.org.trbatmantb@batmantb.org.tr S\u0130\u0130RT TESC\u0130L B\u00dcROSU S\u0130\u0130RT TESC\u0130L B\u00dcROSUS\u0130\u0130RT REGISTRY OFFICE\u00a0Bah\u00e7elievler mah. Mizbah \u00c7alap\u00e7\u0131kay cad. Arslan Apt. No.5\/1Telefon:484-2245600Fax:484-2245600e-mail: siirt@batmantb.org.tr<!-- AddThis Advanced Settings generic via filter on get_the_excerpt --><!-- AddThis Share Buttons generic via filter on get_the_excerpt --><!-- AddThis Related Posts generic via filter on get_the_excerpt --><\/p>\n","protected":false},"author":1,"featured_media":0,"parent":0,"menu_order":0,"comment_status":"closed","ping_status":"closed","template":"","meta":{"ngg_post_thumbnail":0},"_links":{"self":[{"href":"http:\/\/www.batmantb.org.tr\/index.php\/wp-json\/wp\/v2\/pages\/218"}],"collection":[{"href":"http:\/\/www.batmantb.org.tr\/index.php\/wp-json\/wp\/v2\/pages"}],"about":[{"href":"http:\/\/www.batmantb.org.tr\/index.php\/wp-json\/wp\/v2\/types\/page"}],"author":[{"embeddable":true,"href":"http:\/\/www.batmantb.org.tr\/index.php\/wp-json\/wp\/v2\/users\/1"}],"replies":[{"embeddable":true,"href":"http:\/\/www.batmantb.org.tr\/index.php\/wp-json\/wp\/v2\/comments?post=218"}],"version-history":[{"count":10,"href":"http:\/\/www.batmantb.org.tr\/index.php\/wp-json\/wp\/v2\/pages\/218\/revisions"}],"predecessor-version":[{"id":4308,"href":"http:\/\/www.batmantb.org.tr\/index.php\/wp-json\/wp\/v2\/pages\/218\/revisions\/4308"}],"wp:attachment":[{"href":"http:\/\/www.batmantb.org.tr\/index.php\/wp-json\/wp\/v2\/media?parent=218"}],"curies":[{"name":"wp","href":"https:\/\/api.w.org\/{rel}","templated":true}]}}