{"id":232,"date":"2019-02-24T22:33:28","date_gmt":"2019-02-24T20:33:28","guid":{"rendered":"http:\/\/www.batmantb.org.tr\/?page_id=232"},"modified":"2019-03-11T16:11:43","modified_gmt":"2019-03-11T14:11:43","slug":"borsanin-tanimi","status":"publish","type":"page","link":"http:\/\/www.batmantb.org.tr\/index.php\/borsanin-tanimi\/","title":{"rendered":"BORSANIN TANIMI"},"content":{"rendered":"\n<p>\n\n5174 say\u0131l\u0131 Odalar, Borsalar ve Birlik (TOBB) kanunun 28. Maddesine g\u00f6re; \u201c Ticaret borsalar\u0131, bu Kanunda yaz\u0131l\u0131 esaslar \u00e7er\u00e7evesinde borsaya dahil maddelerin al\u0131m sat\u0131m\u0131 ve borsada olu\u015fan fiyatlar\u0131n\u0131n tespit, tescil ve ilan\u0131 i\u015fleriyle me\u015fgul olmak \u00fczere kurulan kamu t\u00fczel ki\u015fili\u011fine sahip kurumlard\u0131r.\u201d&nbsp;<\/p>\n\n\n\n<p>Borsa denildi\u011finde genellikle hisse senetlerinin i\u015flem g\u00f6rd\u00fc\u011f\u00fc Menkul k\u0131ymet borsalar\u0131 akla gelmektedir. Ancak ticaret borsalar\u0131 ile menkul k\u0131ymet borsalar\u0131 aras\u0131nda farklar bulunmaktad\u0131r. \u0130kisini birbirinden ay\u0131ran en temel fark; ticaret borsalar\u0131nda zirai \u00fcr\u00fcnlerin i\u015flem g\u00f6rmesidir.&nbsp;<\/p>\n\n\n\n<p>Ticaret borsalar\u0131, hukuki mevzuatla s\u0131n\u0131rlar\u0131 belirlenmi\u015f mali ve idari \u00f6zerkli\u011fe sahip kurumlard\u0131r. Bir ba\u015fka ifadeyle; devlete herhangi bir parasal y\u00fck getirmeden kendileri kaynak yaratan, kullanan, hatta kamu kurulu\u015flar\u0131na kaynak aktaran kurulu\u015flard\u0131r. Ayr\u0131ca, kendi \u00fcyeleri aras\u0131ndan se\u00e7imle gelmi\u015f kurullar taraf\u0131ndan y\u00f6netilmektedir. Bu y\u00f6n\u00fc ile de h\u00fcrriyet\u00e7i demokrasinin vazge\u00e7ilmez unsurudur. Ticaret borsalar\u0131 ayn\u0131 zamanda piyasa ekonomisinin \u00f6nemli bir par\u00e7as\u0131d\u0131r. \u00c7\u00fcnk\u00fc, ticaret borsalar\u0131nda, tar\u0131m \u00fcr\u00fcnlerinin fiyatlar\u0131, arz-talep ko\u015fullar\u0131na g\u00f6re olu\u015fmaktad\u0131r.\n\n<\/p>\n<!-- AddThis Advanced Settings generic via filter on the_content --><!-- AddThis Share Buttons generic via filter on the_content --><!-- AddThis Related Posts generic via filter on the_content -->","protected":false},"excerpt":{"rendered":"<p>5174 say\u0131l\u0131 Odalar, Borsalar ve Birlik (TOBB) kanunun 28. Maddesine g\u00f6re; \u201c Ticaret borsalar\u0131, bu Kanunda yaz\u0131l\u0131 esaslar \u00e7er\u00e7evesinde borsaya dahil maddelerin al\u0131m sat\u0131m\u0131 ve borsada olu\u015fan fiyatlar\u0131n\u0131n tespit, tescil ve ilan\u0131 i\u015fleriyle me\u015fgul olmak \u00fczere kurulan kamu t\u00fczel ki\u015fili\u011fine sahip kurumlard\u0131r.\u201d&nbsp; Borsa denildi\u011finde genellikle hisse senetlerinin i\u015flem g\u00f6rd\u00fc\u011f\u00fc Menkul k\u0131ymet borsalar\u0131 akla gelmektedir. Ancak &hellip;<!-- AddThis Advanced Settings generic via filter on get_the_excerpt --><!-- AddThis Share Buttons generic via filter on get_the_excerpt --><!-- AddThis Related Posts generic via filter on get_the_excerpt --><\/p>\n","protected":false},"author":1,"featured_media":0,"parent":0,"menu_order":0,"comment_status":"closed","ping_status":"closed","template":"","meta":{"ngg_post_thumbnail":0},"_links":{"self":[{"href":"http:\/\/www.batmantb.org.tr\/index.php\/wp-json\/wp\/v2\/pages\/232"}],"collection":[{"href":"http:\/\/www.batmantb.org.tr\/index.php\/wp-json\/wp\/v2\/pages"}],"about":[{"href":"http:\/\/www.batmantb.org.tr\/index.php\/wp-json\/wp\/v2\/types\/page"}],"author":[{"embeddable":true,"href":"http:\/\/www.batmantb.org.tr\/index.php\/wp-json\/wp\/v2\/users\/1"}],"replies":[{"embeddable":true,"href":"http:\/\/www.batmantb.org.tr\/index.php\/wp-json\/wp\/v2\/comments?post=232"}],"version-history":[{"count":2,"href":"http:\/\/www.batmantb.org.tr\/index.php\/wp-json\/wp\/v2\/pages\/232\/revisions"}],"predecessor-version":[{"id":819,"href":"http:\/\/www.batmantb.org.tr\/index.php\/wp-json\/wp\/v2\/pages\/232\/revisions\/819"}],"wp:attachment":[{"href":"http:\/\/www.batmantb.org.tr\/index.php\/wp-json\/wp\/v2\/media?parent=232"}],"curies":[{"name":"wp","href":"https:\/\/api.w.org\/{rel}","templated":true}]}}