{"id":234,"date":"2019-02-24T22:33:52","date_gmt":"2019-02-24T20:33:52","guid":{"rendered":"http:\/\/www.batmantb.org.tr\/?page_id=234"},"modified":"2019-03-11T16:12:39","modified_gmt":"2019-03-11T14:12:39","slug":"urun-ve-ihtisas-borsaciligi","status":"publish","type":"page","link":"http:\/\/www.batmantb.org.tr\/index.php\/urun-ve-ihtisas-borsaciligi\/","title":{"rendered":"\u00dcR\u00dcN VE \u0130HT\u0130SAS BORSACILI\u011eI"},"content":{"rendered":"\n<p>Tar\u0131m \u00fcr\u00fcn\u00fc piyasalar\u0131n\u0131n temel iki \u00f6zelli\u011fini fiyat ve gelir istikrars\u0131zl\u0131\u011f\u0131 olu\u015fturmaktad\u0131r. Fiyat istikrars\u0131zl\u0131\u011f\u0131n\u0131n hem arz, hem de talep kaynakl\u0131 sebepleri vard\u0131r. Tar\u0131m, iklime ba\u011f\u0131ml\u0131 bir sekt\u00f6r oldu\u011fundan genel olarak hasat d\u00f6nemlerinde fiyatlar belli bir sevide kalabilmekte, fakat bundan sonra yeni \u00fcr\u00fcn al\u0131nana kadar ge\u00e7en s\u00fcrede fiyatlar y\u00fckselmektedir. Stoklanabilen \u00fcr\u00fcnlerde bu fiyat dalgalanmalar\u0131 az da olsa engellenebilmekte, di\u011ferlerinde b\u00f6yle bir imkan da bulunmamaktad\u0131r.<\/p>\n\n\n\n<p>Devlet \u00fczerindeki mali y\u00fck\u00fcn kald\u0131r\u0131lmas\u0131 ve tar\u0131m \u00fcr\u00fcnlerinin serbest piyasa i\u00e7inde yerini bulmas\u0131n\u0131n en \u00e7a\u011fda\u015f yolu vadeli i\u015flem borsalar\u0131na i\u015flerlik kazand\u0131r\u0131lmas\u0131d\u0131r. B\u00f6ylece rekabet ortam\u0131nda tar\u0131m \u00fcr\u00fcnleri ger\u00e7ek de\u011ferini bulabilecek, borsalardaki \u00fcr\u00fcn standartlar\u0131 sayesinde daha kaliteli \u00fcretim te\u015fvik edilecek, i\u015flemlerin vadeli olmas\u0131 \u00fcreticinin \u00fcretim desenini, t\u00fcccar\u0131n ve tar\u0131ma dayal\u0131 sanayicilerin de hedeflerini daha sa\u011fl\u0131kl\u0131 belirlemelerini sa\u011flayacakt\u0131r.<\/p>\n\n\n\n<p>Borsac\u0131l\u0131\u011f\u0131n geli\u015ftirilmesinde at\u0131lmas\u0131 gereken en \u00f6nemli ad\u0131mlardan biride, \u00fcr\u00fcn baz\u0131nda yap\u0131lanm\u0131\u015f ihtisas borsalar\u0131na ge\u00e7i\u015ftir. Bu tip borsalar\u0131n az say\u0131da, tercihen bir tek \u00fcr\u00fcnde ihtisasla\u015fmas\u0131 gerekmektedir.<\/p>\n\n\n\n<p>\u00d6zellikle vadeli i\u015flem borsalar\u0131, \u00fcretimin planlanmas\u0131 noktas\u0131nda, stoklar\u0131n de\u011ferlendirilmesi noktas\u0131nda ve risk unsurlar\u0131n\u0131n bir yerde daha rasyonel bir tarzda yararlanabilmesi konusunda; b\u00fct\u00fcn bunlar\u0131n \u00f6tesinde de sa\u011fl\u0131kl\u0131 bir mali sistemin, yani vergi sistemimin kurulabilmesi bak\u0131m\u0131ndan son derece \u00f6nemlidir.<\/p>\n<!-- AddThis Advanced Settings generic via filter on the_content --><!-- AddThis Share Buttons generic via filter on the_content --><!-- AddThis Related Posts generic via filter on the_content -->","protected":false},"excerpt":{"rendered":"<p>Tar\u0131m \u00fcr\u00fcn\u00fc piyasalar\u0131n\u0131n temel iki \u00f6zelli\u011fini fiyat ve gelir istikrars\u0131zl\u0131\u011f\u0131 olu\u015fturmaktad\u0131r. Fiyat istikrars\u0131zl\u0131\u011f\u0131n\u0131n hem arz, hem de talep kaynakl\u0131 sebepleri vard\u0131r. Tar\u0131m, iklime ba\u011f\u0131ml\u0131 bir sekt\u00f6r oldu\u011fundan genel olarak hasat d\u00f6nemlerinde fiyatlar belli bir sevide kalabilmekte, fakat bundan sonra yeni \u00fcr\u00fcn al\u0131nana kadar ge\u00e7en s\u00fcrede fiyatlar y\u00fckselmektedir. Stoklanabilen \u00fcr\u00fcnlerde bu fiyat dalgalanmalar\u0131 az da olsa &hellip;<!-- AddThis Advanced Settings generic via filter on get_the_excerpt --><!-- AddThis Share Buttons generic via filter on get_the_excerpt --><!-- AddThis Related Posts generic via filter on get_the_excerpt --><\/p>\n","protected":false},"author":1,"featured_media":0,"parent":0,"menu_order":0,"comment_status":"closed","ping_status":"closed","template":"","meta":{"ngg_post_thumbnail":0},"_links":{"self":[{"href":"http:\/\/www.batmantb.org.tr\/index.php\/wp-json\/wp\/v2\/pages\/234"}],"collection":[{"href":"http:\/\/www.batmantb.org.tr\/index.php\/wp-json\/wp\/v2\/pages"}],"about":[{"href":"http:\/\/www.batmantb.org.tr\/index.php\/wp-json\/wp\/v2\/types\/page"}],"author":[{"embeddable":true,"href":"http:\/\/www.batmantb.org.tr\/index.php\/wp-json\/wp\/v2\/users\/1"}],"replies":[{"embeddable":true,"href":"http:\/\/www.batmantb.org.tr\/index.php\/wp-json\/wp\/v2\/comments?post=234"}],"version-history":[{"count":2,"href":"http:\/\/www.batmantb.org.tr\/index.php\/wp-json\/wp\/v2\/pages\/234\/revisions"}],"predecessor-version":[{"id":820,"href":"http:\/\/www.batmantb.org.tr\/index.php\/wp-json\/wp\/v2\/pages\/234\/revisions\/820"}],"wp:attachment":[{"href":"http:\/\/www.batmantb.org.tr\/index.php\/wp-json\/wp\/v2\/media?parent=234"}],"curies":[{"name":"wp","href":"https:\/\/api.w.org\/{rel}","templated":true}]}}