{"id":238,"date":"2019-02-24T22:34:35","date_gmt":"2019-02-24T20:34:35","guid":{"rendered":"http:\/\/www.batmantb.org.tr\/?page_id=238"},"modified":"2019-03-11T16:14:26","modified_gmt":"2019-03-11T14:14:26","slug":"borsalarin-faydalari","status":"publish","type":"page","link":"http:\/\/www.batmantb.org.tr\/index.php\/borsalarin-faydalari\/","title":{"rendered":"BORSALARIN FAYDALARI"},"content":{"rendered":"\n<p>\u00c7ift\u00e7inin \u00fcretti\u011fi tar\u0131m \u00fcr\u00fcnleri piyasan\u0131n mevcut \u015fartlar\u0131 i\u00e7inde ger\u00e7ek de\u011ferine ula\u015ft\u0131\u011f\u0131 \u00f6l\u00e7\u00fcde, Devletin tar\u0131m sekt\u00f6r\u00fcnde destekleme politikalar\u0131 sebebiyle \u00fcstlenece\u011fi mali y\u00fck azal\u0131r.<\/p>\n\n\n\n<ul><li>Tar\u0131m \u00fcr\u00fcnleri ve hayvansal \u00fcr\u00fcnlerin al\u0131m sat\u0131m\u0131n\u0131n Borsaya tescili ile kay\u0131t d\u0131\u015f\u0131 ekonominin kay\u0131t alt\u0131na al\u0131nmas\u0131 sa\u011flanmakta b\u00f6ylece, devletin bu \u00fcr\u00fcnler \u00fczerinde stopaj KDV ve vergi kay\u0131p ve ka\u00e7aklar\u0131 \u00f6nlenmektedir.<\/li><li>Ticaret borsalar\u0131, \u00f6nceden tahmini m\u00fcmk\u00fcn dalgalanmalar\u0131 da istikrara kavu\u015fturur.<\/li><li>Ticaret Borsalar\u0131 M\u00fcteahhitlik Piyasas\u0131nda \u00c7al\u0131\u015fan Ki\u015filer \u0130\u00e7in Avantaj Sa\u011flar.<br>\u0130\u015fadam\u0131 riskten kurtulmak i\u00e7in, ticaret borsas\u0131nda taahh\u00fct etti\u011fi teslim tarihi ve mal miktar\u0131 ile uyumlu olarak bu maldan vadeli al\u0131m yaparak riskten kurtulmu\u015f olur.<\/li><li>Ticaret Borsalar\u0131 \u0130hracat\u00e7\u0131ya Avantaj Sa\u011flar :<br>G\u0131da, tekstil gibi sanayi dallar\u0131nda \u00e7al\u0131\u015fan \u00fcretici ihracat\u00e7\u0131lar vadeli al\u0131m s\u00f6zle\u015fmeleri yaparak, ihracat taahh\u00fctlerini zaman\u0131nda, istenilen kalite ve fiyatta yerine getirme imkan\u0131&nbsp; bulabilmektedirler.<\/li><li>Ticaret Borsalar\u0131 T\u00fcketici Menfaatlerini Korur.<br>Ticaret Borsalar\u0131 \u00fcretimi ve t\u00fcketimi son derece yayg\u0131n olan tar\u0131m \u00fcr\u00fcnlerinin b\u00f6lge ve zaman bak\u0131m\u0131ndan fiyat farklar\u0131n\u0131 k\u0131smen telafi ederek, t\u00fcketicinin menfaatlerine uygun adil ve ger\u00e7ek fiyatlar\u0131n olu\u015fumuna katk\u0131da bulunur.<\/li><li>Ticaret Borsalar\u0131 \u00dcreticiye Fayda Sa\u011flar:<br>Borsalar \u00fcreticilerin, \u00fcr\u00fcnlerini \u00e7ok miktarda al\u0131c\u0131 kar\u015f\u0131s\u0131nda arz edebildikleri, b\u00f6ylece o g\u00fcnk\u00fc \u015fartlar i\u00e7inde, g\u00fcvenle ve ger\u00e7ek fiyatla satabildikleri bir piyasad\u0131r.<br>Ticaret Borsalar\u0131na sadece borsaya kay\u0131tl\u0131 \u00fcyeler girebilirler ve borsada i\u015flem yapabilirler. Bu s\u0131n\u0131rlaman\u0131n tek istisnas\u0131 tar\u0131m \u00fcreticileridir. Bu sebeple, her borsada sat\u0131c\u0131lar\u0131n \u00f6nemli bir b\u00f6l\u00fcm\u00fcn\u00fc tar\u0131m \u00fcreticileri olu\u015fturur.<\/li><li>Tahkim Y\u00f6ntemiyle \u0130htilaflar\u0131n \u00c7\u00f6z\u00fcm\u00fcnde Zaman Kayb\u0131 Ya\u015fanmaz !<br>\u00dcyeler aras\u0131nda meydana gelen anla\u015fmazl\u0131k ve uyu\u015fmazl\u0131klar Hakem Heyetleri marifetiyle \u00e7\u00f6z\u00fcl\u00fcr.<\/li><\/ul>\n<!-- AddThis Advanced Settings generic via filter on the_content --><!-- AddThis Share Buttons generic via filter on the_content --><!-- AddThis Related Posts generic via filter on the_content -->","protected":false},"excerpt":{"rendered":"<p>\u00c7ift\u00e7inin \u00fcretti\u011fi tar\u0131m \u00fcr\u00fcnleri piyasan\u0131n mevcut \u015fartlar\u0131 i\u00e7inde ger\u00e7ek de\u011ferine ula\u015ft\u0131\u011f\u0131 \u00f6l\u00e7\u00fcde, Devletin tar\u0131m sekt\u00f6r\u00fcnde destekleme politikalar\u0131 sebebiyle \u00fcstlenece\u011fi mali y\u00fck azal\u0131r. Tar\u0131m \u00fcr\u00fcnleri ve hayvansal \u00fcr\u00fcnlerin al\u0131m sat\u0131m\u0131n\u0131n Borsaya tescili ile kay\u0131t d\u0131\u015f\u0131 ekonominin kay\u0131t alt\u0131na al\u0131nmas\u0131 sa\u011flanmakta b\u00f6ylece, devletin bu \u00fcr\u00fcnler \u00fczerinde stopaj KDV ve vergi kay\u0131p ve ka\u00e7aklar\u0131 \u00f6nlenmektedir. Ticaret borsalar\u0131, \u00f6nceden &hellip;<!-- AddThis Advanced Settings generic via filter on get_the_excerpt --><!-- AddThis Share Buttons generic via filter on get_the_excerpt --><!-- AddThis Related Posts generic via filter on get_the_excerpt --><\/p>\n","protected":false},"author":1,"featured_media":0,"parent":0,"menu_order":0,"comment_status":"closed","ping_status":"closed","template":"","meta":{"ngg_post_thumbnail":0},"_links":{"self":[{"href":"http:\/\/www.batmantb.org.tr\/index.php\/wp-json\/wp\/v2\/pages\/238"}],"collection":[{"href":"http:\/\/www.batmantb.org.tr\/index.php\/wp-json\/wp\/v2\/pages"}],"about":[{"href":"http:\/\/www.batmantb.org.tr\/index.php\/wp-json\/wp\/v2\/types\/page"}],"author":[{"embeddable":true,"href":"http:\/\/www.batmantb.org.tr\/index.php\/wp-json\/wp\/v2\/users\/1"}],"replies":[{"embeddable":true,"href":"http:\/\/www.batmantb.org.tr\/index.php\/wp-json\/wp\/v2\/comments?post=238"}],"version-history":[{"count":2,"href":"http:\/\/www.batmantb.org.tr\/index.php\/wp-json\/wp\/v2\/pages\/238\/revisions"}],"predecessor-version":[{"id":822,"href":"http:\/\/www.batmantb.org.tr\/index.php\/wp-json\/wp\/v2\/pages\/238\/revisions\/822"}],"wp:attachment":[{"href":"http:\/\/www.batmantb.org.tr\/index.php\/wp-json\/wp\/v2\/media?parent=238"}],"curies":[{"name":"wp","href":"https:\/\/api.w.org\/{rel}","templated":true}]}}