{"id":247,"date":"2019-02-24T22:37:04","date_gmt":"2019-02-24T20:37:04","guid":{"rendered":"http:\/\/www.batmantb.org.tr\/?page_id=247"},"modified":"2023-09-27T15:24:13","modified_gmt":"2023-09-27T12:24:13","slug":"kalite-politikamiz","status":"publish","type":"page","link":"http:\/\/www.batmantb.org.tr\/index.php\/kalite-politikamiz\/","title":{"rendered":"KAL\u0130TE ve AKRED\u0130TASYON POL\u0130T\u0130KAMIZ"},"content":{"rendered":"\n<p>Kanunun verdi\u011fi g\u00f6rev, sorumluluklar ve ilgili mevzuatlar ile ISO 9001 Kalite Y\u00f6netim Sistemi \u00e7er\u00e7evesinde, b\u00f6lgemizin ve \u00fcyelerimizin ihtiya\u00e7lar\u0131na uygun hizmet sa\u011flamakt\u0131r.<\/p>\n\n\n\n<p>Hizmetlerimizi do\u011fru, etkin ve kaliteden \u00f6d\u00fcn vermeden, zaman\u0131nda ve istenen \u015fartlarda ger\u00e7ekle\u015ftirerek \u00fcye memnuniyetini art\u0131racak, Kalite Y\u00f6netim Sistemimizi s\u00fcrekli iyile\u015ftirece\u011fiz.<\/p>\n<!-- AddThis Advanced Settings generic via filter on the_content --><!-- AddThis Share Buttons generic via filter on the_content --><!-- AddThis Related Posts generic via filter on the_content -->","protected":false},"excerpt":{"rendered":"<p>Kanunun verdi\u011fi g\u00f6rev, sorumluluklar ve ilgili mevzuatlar ile ISO 9001 Kalite Y\u00f6netim Sistemi \u00e7er\u00e7evesinde, b\u00f6lgemizin ve \u00fcyelerimizin ihtiya\u00e7lar\u0131na uygun hizmet sa\u011flamakt\u0131r. Hizmetlerimizi do\u011fru, etkin ve kaliteden \u00f6d\u00fcn vermeden, zaman\u0131nda ve istenen \u015fartlarda ger\u00e7ekle\u015ftirerek \u00fcye memnuniyetini art\u0131racak, Kalite Y\u00f6netim Sistemimizi s\u00fcrekli iyile\u015ftirece\u011fiz.<!-- AddThis Advanced Settings generic via filter on get_the_excerpt --><!-- AddThis Share Buttons generic via filter on get_the_excerpt --><!-- AddThis Related Posts generic via filter on get_the_excerpt --><\/p>\n","protected":false},"author":1,"featured_media":0,"parent":0,"menu_order":0,"comment_status":"closed","ping_status":"closed","template":"wppb_theme_template","meta":{"ngg_post_thumbnail":0},"_links":{"self":[{"href":"http:\/\/www.batmantb.org.tr\/index.php\/wp-json\/wp\/v2\/pages\/247"}],"collection":[{"href":"http:\/\/www.batmantb.org.tr\/index.php\/wp-json\/wp\/v2\/pages"}],"about":[{"href":"http:\/\/www.batmantb.org.tr\/index.php\/wp-json\/wp\/v2\/types\/page"}],"author":[{"embeddable":true,"href":"http:\/\/www.batmantb.org.tr\/index.php\/wp-json\/wp\/v2\/users\/1"}],"replies":[{"embeddable":true,"href":"http:\/\/www.batmantb.org.tr\/index.php\/wp-json\/wp\/v2\/comments?post=247"}],"version-history":[{"count":4,"href":"http:\/\/www.batmantb.org.tr\/index.php\/wp-json\/wp\/v2\/pages\/247\/revisions"}],"predecessor-version":[{"id":5219,"href":"http:\/\/www.batmantb.org.tr\/index.php\/wp-json\/wp\/v2\/pages\/247\/revisions\/5219"}],"wp:attachment":[{"href":"http:\/\/www.batmantb.org.tr\/index.php\/wp-json\/wp\/v2\/media?parent=247"}],"curies":[{"name":"wp","href":"https:\/\/api.w.org\/{rel}","templated":true}]}}