{"id":5204,"date":"2023-09-27T14:43:55","date_gmt":"2023-09-27T11:43:55","guid":{"rendered":"http:\/\/www.batmantb.org.tr\/?page_id=5204"},"modified":"2023-09-27T14:43:55","modified_gmt":"2023-09-27T11:43:55","slug":"akreditasyon-izleme-komitesi","status":"publish","type":"page","link":"http:\/\/www.batmantb.org.tr\/index.php\/akreditasyon-izleme-komitesi\/","title":{"rendered":"AKRED\u0130TASYON \u0130ZLEME KOM\u0130TES\u0130"},"content":{"rendered":"<div id=\"wppb-builder-container\" class=\"wppb-builder-container\">                <div  class=\"wppb-row-parent  wppb-row-1695815054322 \"  >\n\t\t\t\t\t\n\t\t\t\t\t\t\t\t\t\t\n\t\t\t\t\t\t\t\t\t\t\n\t\t\t\t\t<div class=\"wppb-container \">\n\t\t\t\t\t\t\t\t\t\t\t\t\t\n                        <div class=\"wppb-row\">\n\t\t\t\t\t\t\t                                    <div  class=\"wppb-column-parent wppb-column-parent-view wppb-col-1695815054323  \"  >\n                                        <div class=\"wppb-column\">\n\t\t\t\t\t\n\t\t\t\t\t\t\t\t\t\t\t\n                                            <div class=\"wppb-builder-addons\">\n\t\t\t\t\t\t\t\t\t\t\t\t                                            <\/div>\n                                        <\/div>\n                                    <\/div>\n\t\t\t\t\t\t\t\t\t                                    <div  class=\"wppb-column-parent wppb-column-parent-view wppb-col-1695815054324  \"  >\n                                        <div class=\"wppb-column\">\n\t\t\t\t\t\n\t\t\t\t\t\t\t\t\t\t\t\n                                            <div class=\"wppb-builder-addons\">\n\t\t\t\t\t\t\t\t\t\t\t\t<div class='wppb-builder-addon wppb-addon-1695815054325 wppb-wow fadeIn'  data-wow-delay='ms'  data-wow-duration='ms'  data-addon-id='1695815054325'><div class='wppb-addon'><div class=\"wppb-person-addon\"><div class=\"wppb-person-addon-content person-layout-one\"><div class=\"wppb-person-image\"><img class=\"wppb-person-addon-img\" src=\"http:\/\/www.batmantb.org.tr\/wp-content\/uploads\/2019\/02\/arif_gunes.jpg\" alt=\"Arif G\u00dcNE\u015e\"><\/div><div class=\"wppb-person-information\"><span class=\"wppb-person-name\">Arif G\u00dcNE\u015e<\/span><span class=\"wppb-person-designation\">Ba\u015fkan<\/span><\/div><\/div><\/div><\/div><\/div>                                            <\/div>\n                                        <\/div>\n                                    <\/div>\n\t\t\t\t\t\t\t\t\t                                    <div  class=\"wppb-column-parent wppb-column-parent-view wppb-col-1695815054326  \"  >\n                                        <div class=\"wppb-column\">\n\t\t\t\t\t\n\t\t\t\t\t\t\t\t\t\t\t\n                                            <div class=\"wppb-builder-addons\">\n\t\t\t\t\t\t\t\t\t\t\t\t                                            <\/div>\n                                        <\/div>\n                                    <\/div>\n\t\t\t\t\t\t\t\t\t                        <\/div>\n\n                    <\/div>\n                <\/div>\n\t\t\t\t                <div  class=\"wppb-row-parent  wppb-row-1695815054334 \"  >\n\t\t\t\t\t\n\t\t\t\t\t\t\t\t\t\t\n\t\t\t\t\t\t\t\t\t\t\n\t\t\t\t\t<div class=\"wppb-container \">\n\t\t\t\t\t\t\t\t\t\t\t\t\t\n                        <div class=\"wppb-row\">\n\t\t\t\t\t\t\t                                    <div  class=\"wppb-column-parent wppb-column-parent-view wppb-col-1695815054335  \"  >\n                                        <div class=\"wppb-column\">\n\t\t\t\t\t\n\t\t\t\t\t\t\t\t\t\t\t\n                                            <div class=\"wppb-builder-addons\">\n\t\t\t\t\t\t\t\t\t\t\t\t<div class='wppb-builder-addon wppb-addon-1695815054336 wppb-wow fadeIn'  data-wow-delay='ms'  data-wow-duration='ms'  data-addon-id='1695815054336'><div class='wppb-addon'><div class=\"wppb-person-addon\"><div class=\"wppb-person-addon-content person-layout-one\"><div class=\"wppb-person-image\"><img class=\"wppb-person-addon-img\" src=\"http:\/\/www.batmantb.org.tr\/wp-content\/uploads\/2019\/02\/azmi_al.jpg\" alt=\"Azmi AL\"><\/div><div class=\"wppb-person-information\"><span class=\"wppb-person-name\">Azmi AL<\/span><span class=\"wppb-person-designation\">Ba\u015fkan Yard\u0131mc\u0131s\u0131<\/span><\/div><\/div><\/div><\/div><\/div>                                            <\/div>\n                                        <\/div>\n                                    <\/div>\n\t\t\t\t\t\t\t\t\t                                    <div  class=\"wppb-column-parent wppb-column-parent-view wppb-col-1695815054337  \"  >\n                                        <div class=\"wppb-column\">\n\t\t\t\t\t\n\t\t\t\t\t\t\t\t\t\t\t\n                                            <div class=\"wppb-builder-addons\">\n\t\t\t\t\t\t\t\t\t\t\t\t<div class='wppb-builder-addon wppb-addon-1695815054338 wppb-wow fadeIn'  data-wow-delay='ms'  data-wow-duration='ms'  data-addon-id='1695815054338'><div class='wppb-addon'><div class=\"wppb-person-addon\"><div class=\"wppb-person-addon-content person-layout-one\"><div class=\"wppb-person-image\"><img class=\"wppb-person-addon-img\" src=\"http:\/\/www.batmantb.org.tr\/wp-content\/uploads\/2019\/02\/hifzullah_akdas.jpg\" alt=\"Hifzullah AKDA\u015e\"><\/div><div class=\"wppb-person-information\"><span class=\"wppb-person-name\">Hifzullah AKDA\u015e<\/span><span class=\"wppb-person-designation\">\u00dcye<\/span><\/div><\/div><\/div><\/div><\/div>                                            <\/div>\n                                        <\/div>\n                                    <\/div>\n\t\t\t\t\t\t\t\t\t                                    <div  class=\"wppb-column-parent wppb-column-parent-view wppb-col-1695815054339  \"  >\n                                        <div class=\"wppb-column\">\n\t\t\t\t\t\n\t\t\t\t\t\t\t\t\t\t\t\n                                            <div class=\"wppb-builder-addons\">\n\t\t\t\t\t\t\t\t\t\t\t\t<div class='wppb-builder-addon wppb-addon-1695815054340 wppb-wow fadeIn'  data-wow-delay='ms'  data-wow-duration='ms'  data-addon-id='1695815054340'><div class='wppb-addon'><div class=\"wppb-person-addon\"><div class=\"wppb-person-addon-content person-layout-one\"><div class=\"wppb-person-image\"><img class=\"wppb-person-addon-img\" src=\"http:\/\/www.batmantb.org.tr\/wp-content\/uploads\/2019\/02\/isaakdas.jpg\" alt=\"\u0130sa AKDA\u015e\"><\/div><div class=\"wppb-person-information\"><span class=\"wppb-person-name\">\u0130sa AKDA\u015e<\/span><span class=\"wppb-person-designation\">Genel Sekreter<\/span><\/div><\/div><\/div><\/div><\/div>                                            <\/div>\n                                        <\/div>\n                                    <\/div>\n\t\t\t\t\t\t\t\t\t                                    <div  class=\"wppb-column-parent wppb-column-parent-view wppb-col-1695815054341  \"  >\n                                        <div class=\"wppb-column\">\n\t\t\t\t\t\n\t\t\t\t\t\t\t\t\t\t\t\n                                            <div class=\"wppb-builder-addons\">\n\t\t\t\t\t\t\t\t\t\t\t\t                                            <\/div>\n                                        <\/div>\n                                    <\/div>\n\t\t\t\t\t\t\t\t\t                        <\/div>\n\n                    <\/div>\n                <\/div>\n\t\t\t\t<\/div><!-- AddThis Advanced Settings generic via filter on the_content --><!-- AddThis Share Buttons generic via filter on the_content --><!-- AddThis Related Posts generic via filter on the_content -->","protected":false},"excerpt":{"rendered":"<p>Arif G\u00dcNE\u015eBa\u015fkan Azmi ALBa\u015fkan Yard\u0131mc\u0131s\u0131 Hifzullah AKDA\u015e\u00dcye \u0130sa AKDA\u015eGenel Sekreter<!-- AddThis Advanced Settings generic via filter on get_the_excerpt --><!-- AddThis Share Buttons generic via filter on get_the_excerpt --><!-- AddThis Related Posts generic via filter on get_the_excerpt --><\/p>\n","protected":false},"author":2,"featured_media":0,"parent":0,"menu_order":0,"comment_status":"closed","ping_status":"closed","template":"","meta":{"ngg_post_thumbnail":0},"_links":{"self":[{"href":"http:\/\/www.batmantb.org.tr\/index.php\/wp-json\/wp\/v2\/pages\/5204"}],"collection":[{"href":"http:\/\/www.batmantb.org.tr\/index.php\/wp-json\/wp\/v2\/pages"}],"about":[{"href":"http:\/\/www.batmantb.org.tr\/index.php\/wp-json\/wp\/v2\/types\/page"}],"author":[{"embeddable":true,"href":"http:\/\/www.batmantb.org.tr\/index.php\/wp-json\/wp\/v2\/users\/2"}],"replies":[{"embeddable":true,"href":"http:\/\/www.batmantb.org.tr\/index.php\/wp-json\/wp\/v2\/comments?post=5204"}],"version-history":[{"count":1,"href":"http:\/\/www.batmantb.org.tr\/index.php\/wp-json\/wp\/v2\/pages\/5204\/revisions"}],"predecessor-version":[{"id":5205,"href":"http:\/\/www.batmantb.org.tr\/index.php\/wp-json\/wp\/v2\/pages\/5204\/revisions\/5205"}],"wp:attachment":[{"href":"http:\/\/www.batmantb.org.tr\/index.php\/wp-json\/wp\/v2\/media?parent=5204"}],"curies":[{"name":"wp","href":"https:\/\/api.w.org\/{rel}","templated":true}]}}