{"id":5208,"date":"2023-09-27T14:46:20","date_gmt":"2023-09-27T11:46:20","guid":{"rendered":"http:\/\/www.batmantb.org.tr\/?page_id=5208"},"modified":"2023-09-27T14:46:20","modified_gmt":"2023-09-27T11:46:20","slug":"yuksek-istisare-kurulu","status":"publish","type":"page","link":"http:\/\/www.batmantb.org.tr\/index.php\/yuksek-istisare-kurulu\/","title":{"rendered":"Y\u00dcKSEK \u0130ST\u0130\u015eARE KURULU"},"content":{"rendered":"<div id=\"wppb-builder-container\" class=\"wppb-builder-container\">                <div  class=\"wppb-row-parent  wppb-row-1695815197755 \"  >\n\t\t\t\t\t\n\t\t\t\t\t\t\t\t\t\t\n\t\t\t\t\t\t\t\t\t\t\n\t\t\t\t\t<div class=\"wppb-container \">\n\t\t\t\t\t\t\t\t\t\t\t\t\t\n                        <div class=\"wppb-row\">\n\t\t\t\t\t\t\t                                    <div  class=\"wppb-column-parent wppb-column-parent-view wppb-col-1695815197756  \"  >\n                                        <div class=\"wppb-column\">\n\t\t\t\t\t\n\t\t\t\t\t\t\t\t\t\t\t\n                                            <div class=\"wppb-builder-addons\">\n\t\t\t\t\t\t\t\t\t\t\t\t                                            <\/div>\n                                        <\/div>\n                                    <\/div>\n\t\t\t\t\t\t\t\t\t                                    <div  class=\"wppb-column-parent wppb-column-parent-view wppb-col-1695815197757  \"  >\n                                        <div class=\"wppb-column\">\n\t\t\t\t\t\n\t\t\t\t\t\t\t\t\t\t\t\n                                            <div class=\"wppb-builder-addons\">\n\t\t\t\t\t\t\t\t\t\t\t\t<div class='wppb-builder-addon wppb-addon-1695815197758 wppb-wow fadeIn'  data-wow-delay='ms'  data-wow-duration='ms'  data-addon-id='1695815197758'><div class='wppb-addon'><div class=\"wppb-person-addon\"><div class=\"wppb-person-addon-content person-layout-one\"><div class=\"wppb-person-image\"><img class=\"wppb-person-addon-img\" src=\"http:\/\/www.batmantb.org.tr\/wp-content\/uploads\/2019\/02\/arif_gunes.jpg\" alt=\"Arif G\u00dcNE\u015e\"><\/div><div class=\"wppb-person-information\"><span class=\"wppb-person-name\">Arif G\u00dcNE\u015e<\/span><span class=\"wppb-person-designation\">Ba\u015fkan<\/span><\/div><\/div><\/div><\/div><\/div>                                            <\/div>\n                                        <\/div>\n                                    <\/div>\n\t\t\t\t\t\t\t\t\t                                    <div  class=\"wppb-column-parent wppb-column-parent-view wppb-col-1695815197759  \"  >\n                                        <div class=\"wppb-column\">\n\t\t\t\t\t\n\t\t\t\t\t\t\t\t\t\t\t\n                                            <div class=\"wppb-builder-addons\">\n\t\t\t\t\t\t\t\t\t\t\t\t                                            <\/div>\n                                        <\/div>\n                                    <\/div>\n\t\t\t\t\t\t\t\t\t                        <\/div>\n\n                    <\/div>\n                <\/div>\n\t\t\t\t                <div  class=\"wppb-row-parent  wppb-row-1695815197767 \"  >\n\t\t\t\t\t\n\t\t\t\t\t\t\t\t\t\t\n\t\t\t\t\t\t\t\t\t\t\n\t\t\t\t\t<div class=\"wppb-container \">\n\t\t\t\t\t\t\t\t\t\t\t\t\t\n                        <div class=\"wppb-row\">\n\t\t\t\t\t\t\t                                    <div  class=\"wppb-column-parent wppb-column-parent-view wppb-col-1695815197768  \"  >\n                                        <div class=\"wppb-column\">\n\t\t\t\t\t\n\t\t\t\t\t\t\t\t\t\t\t\n                                            <div class=\"wppb-builder-addons\">\n\t\t\t\t\t\t\t\t\t\t\t\t<div class='wppb-builder-addon wppb-addon-1695815197769 wppb-wow fadeIn'  data-wow-delay='ms'  data-wow-duration='ms'  data-addon-id='1695815197769'><div class='wppb-addon'><div class=\"wppb-person-addon\"><div class=\"wppb-person-addon-content person-layout-one\"><div class=\"wppb-person-image\"><img class=\"wppb-person-addon-img\" src=\"http:\/\/www.batmantb.org.tr\/wp-content\/uploads\/2019\/02\/vahdettin_altunc.jpg\" alt=\"Vahdettin ALTUN\u00c7\"><\/div><div class=\"wppb-person-information\"><span class=\"wppb-person-name\">Vahdettin ALTUN\u00c7<\/span><span class=\"wppb-person-designation\">\u00dcye<\/span><\/div><\/div><\/div><\/div><\/div>                                            <\/div>\n                                        <\/div>\n                                    <\/div>\n\t\t\t\t\t\t\t\t\t                                    <div  class=\"wppb-column-parent wppb-column-parent-view wppb-col-1695885041652  \"  >\n                                        <div class=\"wppb-column\">\n\t\t\t\t\t\n\t\t\t\t\t\t\t\t\t\t\t\n                                            <div class=\"wppb-builder-addons\">\n\t\t\t\t\t\t\t\t\t\t\t\t<div class='wppb-builder-addon wppb-addon-1695885041661 wppb-wow fadeIn'  data-wow-delay='ms'  data-wow-duration='ms'  data-addon-id='1695885041661'><div class='wppb-addon'><div class=\"wppb-person-addon\"><div class=\"wppb-person-addon-content person-layout-one\"><div class=\"wppb-person-image\"><img class=\"wppb-person-addon-img\" src=\"http:\/\/www.batmantb.org.tr\/wp-content\/uploads\/2019\/02\/heybet_cam.jpg\" alt=\"Heybet \u00c7AM\"><\/div><div class=\"wppb-person-information\"><span class=\"wppb-person-name\">Heybet \u00c7AM<\/span><span class=\"wppb-person-designation\">\u00dcye<\/span><\/div><\/div><\/div><\/div><\/div>                                            <\/div>\n                                        <\/div>\n                                    <\/div>\n\t\t\t\t\t\t\t\t\t                                    <div  class=\"wppb-column-parent wppb-column-parent-view wppb-col-1695815197772  \"  >\n                                        <div class=\"wppb-column\">\n\t\t\t\t\t\n\t\t\t\t\t\t\t\t\t\t\t\n                                            <div class=\"wppb-builder-addons\">\n\t\t\t\t\t\t\t\t\t\t\t\t<div class='wppb-builder-addon wppb-addon-1695815197773 wppb-wow fadeIn'  data-wow-delay='ms'  data-wow-duration='ms'  data-addon-id='1695815197773'><div class='wppb-addon'><div class=\"wppb-person-addon\"><div class=\"wppb-person-addon-content person-layout-one\"><div class=\"wppb-person-image\"><img class=\"wppb-person-addon-img\" src=\"http:\/\/www.batmantb.org.tr\/wp-content\/uploads\/2023\/09\/1695885350034.jpg\" alt=\"Hasan NAS\"><\/div><div class=\"wppb-person-information\"><span class=\"wppb-person-name\">Hasan NAS<\/span><span class=\"wppb-person-designation\">\u00dcye<\/span><\/div><\/div><\/div><\/div><\/div>                                            <\/div>\n                                        <\/div>\n                                    <\/div>\n\t\t\t\t\t\t\t\t\t                                    <div  class=\"wppb-column-parent wppb-column-parent-view wppb-col-1695815197774  \"  >\n                                        <div class=\"wppb-column\">\n\t\t\t\t\t\n\t\t\t\t\t\t\t\t\t\t\t\n                                            <div class=\"wppb-builder-addons\">\n\t\t\t\t\t\t\t\t\t\t\t\t<div class='wppb-builder-addon wppb-addon-1695815197775 wppb-wow fadeIn'  data-wow-delay='ms'  data-wow-duration='ms'  data-addon-id='1695815197775'><div class='wppb-addon'><div class=\"wppb-person-addon\"><div class=\"wppb-person-addon-content person-layout-one\"><div class=\"wppb-person-image\"><img class=\"wppb-person-addon-img\" src=\"http:\/\/www.batmantb.org.tr\/wp-content\/uploads\/2021\/01\/siddik-oguz.jpg\" alt=\"Mehmet S\u0131dd\u0131k O\u011eUZ\"><\/div><div class=\"wppb-person-information\"><span class=\"wppb-person-name\">Mehmet S\u0131dd\u0131k O\u011eUZ<\/span><span class=\"wppb-person-designation\">\u00dcye<\/span><\/div><\/div><\/div><\/div><\/div>                                            <\/div>\n                                        <\/div>\n                                    <\/div>\n\t\t\t\t\t\t\t\t\t                        <\/div>\n\n                    <\/div>\n                <\/div>\n\t\t\t\t<\/div><!-- AddThis Advanced Settings generic via filter on the_content --><!-- AddThis Share Buttons generic via filter on the_content --><!-- AddThis Related Posts generic via filter on the_content -->","protected":false},"excerpt":{"rendered":"<p>Arif G\u00dcNE\u015eBa\u015fkan Vahdettin ALTUN\u00c7\u00dcye Heybet \u00c7AM\u00dcye Hasan NAS\u00dcye Mehmet S\u0131dd\u0131k O\u011eUZ\u00dcye<!-- AddThis Advanced Settings generic via filter on get_the_excerpt --><!-- AddThis Share Buttons generic via filter on get_the_excerpt --><!-- AddThis Related Posts generic via filter on get_the_excerpt --><\/p>\n","protected":false},"author":2,"featured_media":0,"parent":0,"menu_order":0,"comment_status":"closed","ping_status":"closed","template":"","meta":{"ngg_post_thumbnail":0},"_links":{"self":[{"href":"http:\/\/www.batmantb.org.tr\/index.php\/wp-json\/wp\/v2\/pages\/5208"}],"collection":[{"href":"http:\/\/www.batmantb.org.tr\/index.php\/wp-json\/wp\/v2\/pages"}],"about":[{"href":"http:\/\/www.batmantb.org.tr\/index.php\/wp-json\/wp\/v2\/types\/page"}],"author":[{"embeddable":true,"href":"http:\/\/www.batmantb.org.tr\/index.php\/wp-json\/wp\/v2\/users\/2"}],"replies":[{"embeddable":true,"href":"http:\/\/www.batmantb.org.tr\/index.php\/wp-json\/wp\/v2\/comments?post=5208"}],"version-history":[{"count":1,"href":"http:\/\/www.batmantb.org.tr\/index.php\/wp-json\/wp\/v2\/pages\/5208\/revisions"}],"predecessor-version":[{"id":5209,"href":"http:\/\/www.batmantb.org.tr\/index.php\/wp-json\/wp\/v2\/pages\/5208\/revisions\/5209"}],"wp:attachment":[{"href":"http:\/\/www.batmantb.org.tr\/index.php\/wp-json\/wp\/v2\/media?parent=5208"}],"curies":[{"name":"wp","href":"https:\/\/api.w.org\/{rel}","templated":true}]}}