{"id":648,"date":"2019-02-28T15:14:56","date_gmt":"2019-02-28T13:14:56","guid":{"rendered":"http:\/\/www.batmantb.org.tr\/?page_id=648"},"modified":"2023-09-18T09:59:17","modified_gmt":"2023-09-18T06:59:17","slug":"baskanin-mesaji","status":"publish","type":"page","link":"http:\/\/www.batmantb.org.tr\/index.php\/baskanin-mesaji\/","title":{"rendered":"Ba\u015fkan\u0131n Mesaj\u0131"},"content":{"rendered":"\n<figure class=\"wp-block-gallery columns-1 is-cropped\"><ul class=\"blocks-gallery-grid\"><li class=\"blocks-gallery-item\"><figure><img loading=\"lazy\" width=\"729\" height=\"724\" src=\"http:\/\/www.batmantb.org.tr\/wp-content\/uploads\/2021\/06\/Resim1-1.jpg\" alt=\"\" data-id=\"3066\" data-full-url=\"http:\/\/www.batmantb.org.tr\/wp-content\/uploads\/2021\/06\/Resim1-1.jpg\" data-link=\"http:\/\/www.batmantb.org.tr\/index.php\/baskanin-mesaji\/resim1-1\/\" class=\"wp-image-3066\" srcset=\"http:\/\/www.batmantb.org.tr\/wp-content\/uploads\/2021\/06\/Resim1-1.jpg 729w, http:\/\/www.batmantb.org.tr\/wp-content\/uploads\/2021\/06\/Resim1-1-300x298.jpg 300w, http:\/\/www.batmantb.org.tr\/wp-content\/uploads\/2021\/06\/Resim1-1-150x150.jpg 150w, http:\/\/www.batmantb.org.tr\/wp-content\/uploads\/2021\/06\/Resim1-1-418x415.jpg 418w, http:\/\/www.batmantb.org.tr\/wp-content\/uploads\/2021\/06\/Resim1-1-65x65.jpg 65w\" sizes=\"(max-width: 729px) 100vw, 729px\" \/><\/figure><\/li><\/ul><\/figure>\n\n\n\n<p> <\/p>\n\n\n\n<p><em>Borsam\u0131z kuruldu\u011fu 1995 y\u0131l\u0131ndan bug\u00fcne tar\u0131m ve hayvanc\u0131l\u0131k alanlar\u0131nda hizmet veren \u00fcyelerinin hep yan\u0131nda olmu\u015ftur. \u00d6zellikle geli\u015fen d\u00fcnyada rekabet edebilirlik ve s\u00fcreklilik a\u00e7\u0131s\u0131ndan, kanunla verilen \u00f6dev ve sorumluluklar\u0131n \u00f6tesinde bir hizmet anlay\u0131\u015f\u0131n\u0131n \u00f6tesine ge\u00e7mek art\u0131k bir zorunluluktur.<\/em><\/p>\n\n\n\n<p><em>Her ne kadar g\u00f6n\u00fcll\u00fc olarak borsa y\u00f6netimlerinde yer alsalar da se\u00e7ili kurullar\u0131n; al\u0131\u015f\u0131lm\u0131\u015f\u0131n d\u0131\u015f\u0131nda, \u00f6nc\u00fc, \u00f6rnek ve lider olma vas\u0131flar\u0131n\u0131 artt\u0131rmak i\u00e7in s\u00fcrekli geli\u015fmeyi esas almalar\u0131 gerekti\u011finin fark\u0131nday\u0131z.<\/em><\/p>\n\n\n\n<p><em>Bu nedenle, kurumsal yap\u0131lar\u0131n bug\u00fcn ki durumlar\u0131 ve gelecek \u00f6ng\u00f6r\u00fcleri ile birlikte misyon ve vizyon tan\u0131mlar\u0131 ile bu stratejik planda yer alan \u00fcye, borsa ve kurumsal geli\u015fmelere y\u00f6nelik \u00e7al\u0131\u015fmalar\u0131m\u0131z\u0131, be\u015f y\u0131ld\u0131zl\u0131 borsa hizmet anlay\u0131\u015f\u0131 ile an\u0131lan TOBB Akreditasyon Sistemi ile \u00f6rt\u00fc\u015ft\u00fcrd\u00fck.<\/em><\/p>\n\n\n\n<p><em>\u00d6zellikle i\u015fbirli\u011fi i\u00e7erisinde olaca\u011f\u0131m\u0131z d\u0131\u015f payda\u015flar\u0131m\u0131z\u0131n \u00f6neri ve beklentileri ile mevcut durumun g\u00f6zden ge\u00e7irilerek verilen hizmette \u00fcyelerinin kalk\u0131nmas\u0131n\u0131n, ilimiz i\u00e7in daha etkin olaca\u011f\u0131n\u0131n fark\u0131ndayd\u0131k.<\/em><\/p>\n\n\n\n<p><em>Haz\u0131rlad\u0131\u011f\u0131m\u0131z ve t\u00fcm Batman halk\u0131na a\u00e7\u0131klad\u0131\u011f\u0131m\u0131z 2023-2026 y\u0131llar\u0131n\u0131 kapsayan bu stratejik plan i\u00e7in yard\u0131mc\u0131 olan, ba\u015fta d\u0131\u015f payda\u015f ve \u00fcyelerimiz olmak \u00fczere, t\u00fcm borsa meclisi ve y\u00f6netim kurulu ile borsa personeline te\u015fekk\u00fcr eder, \u015f\u00fckranlar\u0131m\u0131 sunar\u0131m.<\/em><\/p>\n\n\n\n<p><strong>AR\u0130F G\u00dcNE\u015e<\/strong><\/p>\n\n\n\n<p><strong>Y\u00f6netim Kurulu Ba\u015fkan\u0131<\/strong><\/p>\n\n\n\n<p><\/p>\n\n\n\n<p> <\/p>\n\n\n\n<p> <\/p>\n\n\n\n<p><\/p>\n<!-- AddThis Advanced Settings generic via filter on the_content --><!-- AddThis Share Buttons generic via filter on the_content --><!-- AddThis Related Posts generic via filter on the_content -->","protected":false},"excerpt":{"rendered":"<p>Borsam\u0131z kuruldu\u011fu 1995 y\u0131l\u0131ndan bug\u00fcne tar\u0131m ve hayvanc\u0131l\u0131k alanlar\u0131nda hizmet veren \u00fcyelerinin hep yan\u0131nda olmu\u015ftur. \u00d6zellikle geli\u015fen d\u00fcnyada rekabet edebilirlik ve s\u00fcreklilik a\u00e7\u0131s\u0131ndan, kanunla verilen \u00f6dev ve sorumluluklar\u0131n \u00f6tesinde bir hizmet anlay\u0131\u015f\u0131n\u0131n \u00f6tesine ge\u00e7mek art\u0131k bir zorunluluktur. Her ne kadar g\u00f6n\u00fcll\u00fc olarak borsa y\u00f6netimlerinde yer alsalar da se\u00e7ili kurullar\u0131n; al\u0131\u015f\u0131lm\u0131\u015f\u0131n d\u0131\u015f\u0131nda, \u00f6nc\u00fc, \u00f6rnek ve lider &hellip;<!-- AddThis Advanced Settings generic via filter on get_the_excerpt --><!-- AddThis Share Buttons generic via filter on get_the_excerpt --><!-- AddThis Related Posts generic via filter on get_the_excerpt --><\/p>\n","protected":false},"author":1,"featured_media":0,"parent":0,"menu_order":0,"comment_status":"closed","ping_status":"closed","template":"","meta":{"ngg_post_thumbnail":0},"_links":{"self":[{"href":"http:\/\/www.batmantb.org.tr\/index.php\/wp-json\/wp\/v2\/pages\/648"}],"collection":[{"href":"http:\/\/www.batmantb.org.tr\/index.php\/wp-json\/wp\/v2\/pages"}],"about":[{"href":"http:\/\/www.batmantb.org.tr\/index.php\/wp-json\/wp\/v2\/types\/page"}],"author":[{"embeddable":true,"href":"http:\/\/www.batmantb.org.tr\/index.php\/wp-json\/wp\/v2\/users\/1"}],"replies":[{"embeddable":true,"href":"http:\/\/www.batmantb.org.tr\/index.php\/wp-json\/wp\/v2\/comments?post=648"}],"version-history":[{"count":9,"href":"http:\/\/www.batmantb.org.tr\/index.php\/wp-json\/wp\/v2\/pages\/648\/revisions"}],"predecessor-version":[{"id":5168,"href":"http:\/\/www.batmantb.org.tr\/index.php\/wp-json\/wp\/v2\/pages\/648\/revisions\/5168"}],"wp:attachment":[{"href":"http:\/\/www.batmantb.org.tr\/index.php\/wp-json\/wp\/v2\/media?parent=648"}],"curies":[{"name":"wp","href":"https:\/\/api.w.org\/{rel}","templated":true}]}}