{"id":675,"date":"2019-02-28T16:37:46","date_gmt":"2019-02-28T14:37:46","guid":{"rendered":"http:\/\/www.batmantb.org.tr\/?page_id=675"},"modified":"2023-09-14T15:45:45","modified_gmt":"2023-09-14T12:45:45","slug":"tanitim-videosu","status":"publish","type":"page","link":"http:\/\/www.batmantb.org.tr\/index.php\/tanitim-videosu\/","title":{"rendered":"TANITIM V\u0130DEOSU"},"content":{"rendered":"\n<hr class=\"wp-block-separator\"\/>\n\n\n\n<figure class=\"wp-block-embed is-type-video is-provider-youtube wp-block-embed-youtube wp-embed-aspect-16-9 wp-has-aspect-ratio\"><div class=\"wp-block-embed__wrapper\">\n<iframe loading=\"lazy\" title=\"Ticaret Borsas\u0131 Faaliyetleri - Batman Ticaret Borsas\u0131\" width=\"885\" height=\"498\" src=\"https:\/\/www.youtube.com\/embed\/8SbGrzU_zrM?feature=oembed\" frameborder=\"0\" allow=\"accelerometer; autoplay; clipboard-write; encrypted-media; gyroscope; picture-in-picture; web-share\" allowfullscreen><\/iframe>\n<\/div><figcaption>BATMAN T\u0130CARET BORSASI \u00c7ALI\u015eMALARI<\/figcaption><\/figure>\n\n\n\n<hr class=\"wp-block-separator\"\/>\n\n\n\n<figure class=\"wp-block-embed is-type-video is-provider-youtube wp-block-embed-youtube wp-embed-aspect-16-9 wp-has-aspect-ratio\"><div class=\"wp-block-embed__wrapper\">\n<iframe loading=\"lazy\" title=\"BATMAN TARIM VE \u0130N\u015eAAT FUARI 2018\" width=\"885\" height=\"498\" src=\"https:\/\/www.youtube.com\/embed\/Fa27CWgZ2z0?feature=oembed\" frameborder=\"0\" allow=\"accelerometer; autoplay; clipboard-write; encrypted-media; gyroscope; picture-in-picture; web-share\" allowfullscreen><\/iframe>\n<\/div><figcaption>BATMAN TARIM VE \u0130N\u015eAAT FUARI<\/figcaption><\/figure>\n\n\n\n<hr class=\"wp-block-separator\"\/>\n\n\n\n<figure class=\"wp-block-embed is-type-video is-provider-youtube wp-block-embed-youtube wp-embed-aspect-16-9 wp-has-aspect-ratio\"><div class=\"wp-block-embed__wrapper\">\n<iframe loading=\"lazy\" title=\"YEREL EKONOM\u0130\" width=\"885\" height=\"498\" src=\"https:\/\/www.youtube.com\/embed\/s5QMC32UK7I?feature=oembed\" frameborder=\"0\" allow=\"accelerometer; autoplay; clipboard-write; encrypted-media; gyroscope; picture-in-picture; web-share\" allowfullscreen><\/iframe>\n<\/div><figcaption>YEREL EKONOM\u0130<\/figcaption><\/figure>\n\n\n\n<figure class=\"wp-block-embed is-type-video is-provider-youtube wp-block-embed-youtube wp-embed-aspect-16-9 wp-has-aspect-ratio\"><div class=\"wp-block-embed__wrapper\">\n<iframe loading=\"lazy\" title=\"Arif G\u00fcne\u015f - Batman Ticaret Borsas\u0131 Ba\u015fkan\u0131 Kanal C Canl\u0131 Yay\u0131n\u0131\" width=\"885\" height=\"498\" src=\"https:\/\/www.youtube.com\/embed\/7fu8ZY7jDqE?feature=oembed\" frameborder=\"0\" allow=\"accelerometer; autoplay; clipboard-write; encrypted-media; gyroscope; picture-in-picture; web-share\" allowfullscreen><\/iframe>\n<\/div><figcaption>KANAL C &#8211; CANLI YAYINI 2018<\/figcaption><\/figure>\n<!-- AddThis Advanced Settings generic via filter on the_content --><!-- AddThis Share Buttons generic via filter on the_content --><!-- AddThis Related Posts generic via filter on the_content -->","protected":false},"excerpt":{"rendered":"<p><!-- AddThis Advanced Settings generic via filter on get_the_excerpt --><!-- AddThis Share Buttons generic via filter on get_the_excerpt --><!-- AddThis Related Posts generic via filter on get_the_excerpt --><\/p>\n","protected":false},"author":1,"featured_media":0,"parent":0,"menu_order":0,"comment_status":"closed","ping_status":"closed","template":"","meta":{"ngg_post_thumbnail":0},"_links":{"self":[{"href":"http:\/\/www.batmantb.org.tr\/index.php\/wp-json\/wp\/v2\/pages\/675"}],"collection":[{"href":"http:\/\/www.batmantb.org.tr\/index.php\/wp-json\/wp\/v2\/pages"}],"about":[{"href":"http:\/\/www.batmantb.org.tr\/index.php\/wp-json\/wp\/v2\/types\/page"}],"author":[{"embeddable":true,"href":"http:\/\/www.batmantb.org.tr\/index.php\/wp-json\/wp\/v2\/users\/1"}],"replies":[{"embeddable":true,"href":"http:\/\/www.batmantb.org.tr\/index.php\/wp-json\/wp\/v2\/comments?post=675"}],"version-history":[{"count":9,"href":"http:\/\/www.batmantb.org.tr\/index.php\/wp-json\/wp\/v2\/pages\/675\/revisions"}],"predecessor-version":[{"id":5098,"href":"http:\/\/www.batmantb.org.tr\/index.php\/wp-json\/wp\/v2\/pages\/675\/revisions\/5098"}],"wp:attachment":[{"href":"http:\/\/www.batmantb.org.tr\/index.php\/wp-json\/wp\/v2\/media?parent=675"}],"curies":[{"name":"wp","href":"https:\/\/api.w.org\/{rel}","templated":true}]}}